{"id":258453,"date":"2024-11-21T11:18:09","date_gmt":"2024-11-21T18:18:09","guid":{"rendered":"https:\/\/mfe-is.com\/?page_id=258453"},"modified":"2024-11-21T11:18:09","modified_gmt":"2024-11-21T18:18:09","slug":"portail-des-employes","status":"publish","type":"page","link":"https:\/\/mfe-is.com\/fr\/employee-portal\/","title":{"rendered":"Portail des employ\u00e9s"},"content":{"rendered":"<div data-elementor-type=\"wp-page\" data-elementor-id=\"258453\" class=\"elementor elementor-258453\" data-elementor-settings=\"{&quot;ha_cmc_init_switcher&quot;:&quot;no&quot;}\" data-elementor-post-type=\"page\">\n\t\t\t\t<div class=\"elementor-element elementor-element-5ff6c27 e-con-full e-flex e-con e-parent\" data-id=\"5ff6c27\" data-element_type=\"container\" data-e-type=\"container\">\n\t\t<div class=\"elementor-element elementor-element-6366e4c e-con-full e-flex e-con e-child\" data-id=\"6366e4c\" data-element_type=\"container\" data-e-type=\"container\" data-settings=\"{&quot;background_background&quot;:&quot;classic&quot;}\">\n\t\t\t\t<\/div>\n\t\t<div class=\"elementor-element elementor-element-ee24fb0 e-con-full e-flex e-con e-child\" data-id=\"ee24fb0\" data-element_type=\"container\" data-e-type=\"container\">\n\t\t<div class=\"elementor-element elementor-element-5fafcb4 e-flex e-con-boxed e-con e-child\" data-id=\"5fafcb4\" data-element_type=\"container\" data-e-type=\"container\">\n\t\t\t\t\t<div class=\"e-con-inner\">\n\t\t\t\t<div class=\"elementor-element elementor-element-47bcb5a elementor-widget elementor-widget-heading\" data-id=\"47bcb5a\" data-element_type=\"widget\" data-e-type=\"widget\" data-widget_type=\"heading.default\">\n\t\t\t\t<div class=\"elementor-widget-container\">\n\t\t\t\t\t<h2 class=\"elementor-heading-title elementor-size-default\">Oups, cette page est r\u00e9serv\u00e9e aux employ\u00e9s.<\/h2>\t\t\t\t<\/div>\n\t\t\t\t<\/div>\n\t\t\t\t<div class=\"elementor-element elementor-element-a3c5eb5 elementor-widget__width-initial elementor-widget elementor-widget-text-editor\" data-id=\"a3c5eb5\" data-element_type=\"widget\" data-e-type=\"widget\" data-widget_type=\"text-editor.default\">\n\t\t\t\t<div class=\"elementor-widget-container\">\n\t\t\t\t\t\t\t\t\t<p class=\"p1\" style=\"text-align: left;\">Si vous \u00eates un employ\u00e9, assurez-vous d'\u00eatre connect\u00e9 \u00e0 votre compte et acc\u00e9dez au portail des employ\u00e9s. <a href=\"https:\/\/sites.google.com\/mfe-is.com\/employee-home-page\/home\" style=\"color: #7e141e;\">ici<\/a>.<\/p>\n<p class=\"p1\" style=\"text-align: left;\">Si vous souhaitez rejoindre l'EMF, consultez nos postes \u00e0 pourvoir\u00a0<a href=\"https:\/\/mferentals.bamboohr.com\/careers\" style=\"color: #7e141e;\">ici<\/a>.<\/p>\t\t\t\t\t\t\t\t<\/div>\n\t\t\t\t<\/div>\n\t\t\t\t<div class=\"elementor-element elementor-element-b2e53dc elementor-widget elementor-widget-button\" data-id=\"b2e53dc\" data-element_type=\"widget\" data-e-type=\"widget\" data-widget_type=\"button.default\">\n\t\t\t\t<div class=\"elementor-widget-container\">\n\t\t\t\t\t\t\t\t\t<div class=\"elementor-button-wrapper\">\n\t\t\t\t\t<a class=\"elementor-button elementor-button-link elementor-size-sm\" href=\"https:\/\/mfe-is.com\/fr\/\">\n\t\t\t\t\t\t<span class=\"elementor-button-content-wrapper\">\n\t\t\t\t\t\t\t\t\t<span class=\"elementor-button-text\">Retour \u00e0 l'accueil<\/span>\n\t\t\t\t\t<\/span>\n\t\t\t\t\t<\/a>\n\t\t\t\t<\/div>\n\t\t\t\t\t\t\t\t<\/div>\n\t\t\t\t<\/div>\n\t\t\t\t\t<\/div>\n\t\t\t\t<\/div>\n\t\t\t\t<\/div>\n\t\t\t\t<\/div>\n\t\t\t\t<\/div>","protected":false},"excerpt":{"rendered":"<p>Oops, this page is only for employees. If you are an employee, make sure you&#8217;re logged in to your account and navigate to the Employee Portal here. If you are interested in joining MFE, check out our open positions\u00a0here. Back to Home<\/p>","protected":false},"author":6,"featured_media":257474,"parent":0,"menu_order":0,"comment_status":"closed","ping_status":"closed","template":"","meta":{"_acf_changed":false,"content-type":"","footnotes":""},"class_list":["post-258453","page","type-page","status-publish","has-post-thumbnail","hentry"],"acf":[],"yoast_head":"<!-- This site is optimized with the Yoast SEO plugin v27.3 - https:\/\/yoast.com\/product\/yoast-seo-wordpress\/ -->\n<title>Employee Portal | MFE Inspection Solutions<\/title>\n<meta name=\"description\" content=\"Access the MFE Employee Portal for essential resources &amp; updates. Find links to manage your benefits &amp; more in one convenient location.\" \/>\n<meta name=\"robots\" content=\"index, follow, max-snippet:-1, max-image-preview:large, max-video-preview:-1\" \/>\n<link rel=\"canonical\" href=\"https:\/\/mfe-is.com\/fr\/portail-des-employes\/\" \/>\n<meta property=\"og:locale\" content=\"fr_CA\" \/>\n<meta property=\"og:type\" content=\"article\" \/>\n<meta property=\"og:title\" content=\"Employee Portal | MFE Inspection Solutions\" \/>\n<meta property=\"og:description\" content=\"Access the MFE Employee Portal for essential resources &amp; updates. Find links to manage your benefits &amp; more in one convenient location.\" \/>\n<meta property=\"og:url\" content=\"https:\/\/mfe-is.com\/fr\/portail-des-employes\/\" \/>\n<meta property=\"og:site_name\" content=\"MFE Inspection Solutions\" \/>\n<meta property=\"og:image\" content=\"https:\/\/mfe-is.com\/wp-content\/uploads\/2024\/09\/resources.png\" \/>\n\t<meta property=\"og:image:width\" content=\"896\" \/>\n\t<meta property=\"og:image:height\" content=\"604\" \/>\n\t<meta property=\"og:image:type\" content=\"image\/png\" \/>\n<meta name=\"twitter:card\" content=\"summary_large_image\" \/>\n<meta name=\"twitter:label1\" content=\"Est. reading time\" \/>\n\t<meta name=\"twitter:data1\" content=\"1 minute\" \/>\n<script type=\"application\/ld+json\" class=\"yoast-schema-graph\">{\"@context\":\"https:\\\/\\\/schema.org\",\"@graph\":[{\"@type\":\"WebPage\",\"@id\":\"https:\\\/\\\/mfe-is.com\\\/employee-portal\\\/\",\"url\":\"https:\\\/\\\/mfe-is.com\\\/employee-portal\\\/\",\"name\":\"Employee Portal | MFE Inspection Solutions\",\"isPartOf\":{\"@id\":\"https:\\\/\\\/mfe-is.com\\\/#website\"},\"primaryImageOfPage\":{\"@id\":\"https:\\\/\\\/mfe-is.com\\\/employee-portal\\\/#primaryimage\"},\"image\":{\"@id\":\"https:\\\/\\\/mfe-is.com\\\/employee-portal\\\/#primaryimage\"},\"thumbnailUrl\":\"https:\\\/\\\/mfe-is.com\\\/wp-content\\\/uploads\\\/2024\\\/09\\\/resources.png\",\"datePublished\":\"2024-11-21T18:18:09+00:00\",\"description\":\"Access the MFE Employee Portal for essential resources & updates. Find links to manage your benefits & more in one convenient location.\",\"inLanguage\":\"fr-CA\",\"potentialAction\":[{\"@type\":\"ReadAction\",\"target\":[\"https:\\\/\\\/mfe-is.com\\\/employee-portal\\\/\"]}]},{\"@type\":\"ImageObject\",\"inLanguage\":\"fr-CA\",\"@id\":\"https:\\\/\\\/mfe-is.com\\\/employee-portal\\\/#primaryimage\",\"url\":\"https:\\\/\\\/mfe-is.com\\\/wp-content\\\/uploads\\\/2024\\\/09\\\/resources.png\",\"contentUrl\":\"https:\\\/\\\/mfe-is.com\\\/wp-content\\\/uploads\\\/2024\\\/09\\\/resources.png\",\"width\":896,\"height\":604},{\"@type\":\"WebSite\",\"@id\":\"https:\\\/\\\/mfe-is.com\\\/#website\",\"url\":\"https:\\\/\\\/mfe-is.com\\\/\",\"name\":\"MFE Inspection Solutions\",\"description\":\"NDT Equipment, Drones, Training &amp; Calibration\",\"publisher\":{\"@id\":\"https:\\\/\\\/mfe-is.com\\\/#organization\"},\"alternateName\":\"MFE IS\",\"potentialAction\":[{\"@type\":\"SearchAction\",\"target\":{\"@type\":\"EntryPoint\",\"urlTemplate\":\"https:\\\/\\\/mfe-is.com\\\/?s={search_term_string}\"},\"query-input\":{\"@type\":\"PropertyValueSpecification\",\"valueRequired\":true,\"valueName\":\"search_term_string\"}}],\"inLanguage\":\"fr-CA\"},{\"@type\":\"Organization\",\"@id\":\"https:\\\/\\\/mfe-is.com\\\/#organization\",\"name\":\"MFE Inspection Solutions\",\"url\":\"https:\\\/\\\/mfe-is.com\\\/\",\"logo\":{\"@type\":\"ImageObject\",\"inLanguage\":\"fr-CA\",\"@id\":\"https:\\\/\\\/mfe-is.com\\\/#\\\/schema\\\/logo\\\/image\\\/\",\"url\":\"https:\\\/\\\/mfe-is.com\\\/wp-content\\\/uploads\\\/2023\\\/12\\\/MFE-IS-Logo.jpg\",\"contentUrl\":\"https:\\\/\\\/mfe-is.com\\\/wp-content\\\/uploads\\\/2023\\\/12\\\/MFE-IS-Logo.jpg\",\"width\":686,\"height\":116,\"caption\":\"MFE Inspection Solutions\"},\"image\":{\"@id\":\"https:\\\/\\\/mfe-is.com\\\/#\\\/schema\\\/logo\\\/image\\\/\"}}]}<\/script>\n<!-- \/ Yoast SEO plugin. -->","yoast_head_json":{"title":"Portail des employ\u00e9s - MFE Inspection Solutions","description":"Acc\u00e9dez au portail des employ\u00e9s de l'EMF pour obtenir des ressources essentielles et des mises \u00e0 jour. Vous y trouverez des liens pour g\u00e9rer vos avantages sociaux et bien d'autres choses encore, le tout dans un seul et m\u00eame endroit.","robots":{"index":"index","follow":"follow","max-snippet":"max-snippet:-1","max-image-preview":"max-image-preview:large","max-video-preview":"max-video-preview:-1"},"canonical":"https:\/\/mfe-is.com\/fr\/portail-des-employes\/","og_locale":"fr_CA","og_type":"article","og_title":"Employee Portal | MFE Inspection Solutions","og_description":"Access the MFE Employee Portal for essential resources & updates. Find links to manage your benefits & more in one convenient location.","og_url":"https:\/\/mfe-is.com\/fr\/portail-des-employes\/","og_site_name":"MFE Inspection Solutions","og_image":[{"width":896,"height":604,"url":"https:\/\/mfe-is.com\/wp-content\/uploads\/2024\/09\/resources.png","type":"image\/png"}],"twitter_card":"summary_large_image","twitter_misc":{"Est. reading time":"1 minute"},"schema":{"@context":"https:\/\/schema.org","@graph":[{"@type":"WebPage","@id":"https:\/\/mfe-is.com\/employee-portal\/","url":"https:\/\/mfe-is.com\/employee-portal\/","name":"Portail des employ\u00e9s - MFE Inspection Solutions","isPartOf":{"@id":"https:\/\/mfe-is.com\/#website"},"primaryImageOfPage":{"@id":"https:\/\/mfe-is.com\/employee-portal\/#primaryimage"},"image":{"@id":"https:\/\/mfe-is.com\/employee-portal\/#primaryimage"},"thumbnailUrl":"https:\/\/mfe-is.com\/wp-content\/uploads\/2024\/09\/resources.png","datePublished":"2024-11-21T18:18:09+00:00","description":"Acc\u00e9dez au portail des employ\u00e9s de l'EMF pour obtenir des ressources essentielles et des mises \u00e0 jour. Vous y trouverez des liens pour g\u00e9rer vos avantages sociaux et bien d'autres choses encore, le tout dans un seul et m\u00eame endroit.","inLanguage":"fr-CA","potentialAction":[{"@type":"ReadAction","target":["https:\/\/mfe-is.com\/employee-portal\/"]}]},{"@type":"ImageObject","inLanguage":"fr-CA","@id":"https:\/\/mfe-is.com\/employee-portal\/#primaryimage","url":"https:\/\/mfe-is.com\/wp-content\/uploads\/2024\/09\/resources.png","contentUrl":"https:\/\/mfe-is.com\/wp-content\/uploads\/2024\/09\/resources.png","width":896,"height":604},{"@type":"WebSite","@id":"https:\/\/mfe-is.com\/#website","url":"https:\/\/mfe-is.com\/","name":"Solutions d'inspection MFE","description":"\u00c9quipement CND, drones, formation et \u00e9talonnage","publisher":{"@id":"https:\/\/mfe-is.com\/#organization"},"alternateName":"MFE IS","potentialAction":[{"@type":"SearchAction","target":{"@type":"EntryPoint","urlTemplate":"https:\/\/mfe-is.com\/?s={search_term_string}"},"query-input":{"@type":"PropertyValueSpecification","valueRequired":true,"valueName":"search_term_string"}}],"inLanguage":"fr-CA"},{"@type":"Organization","@id":"https:\/\/mfe-is.com\/#organization","name":"Solutions d'inspection MFE","url":"https:\/\/mfe-is.com\/","logo":{"@type":"ImageObject","inLanguage":"fr-CA","@id":"https:\/\/mfe-is.com\/#\/schema\/logo\/image\/","url":"https:\/\/mfe-is.com\/wp-content\/uploads\/2023\/12\/MFE-IS-Logo.jpg","contentUrl":"https:\/\/mfe-is.com\/wp-content\/uploads\/2023\/12\/MFE-IS-Logo.jpg","width":686,"height":116,"caption":"MFE Inspection Solutions"},"image":{"@id":"https:\/\/mfe-is.com\/#\/schema\/logo\/image\/"}}]}},"_links":{"self":[{"href":"https:\/\/mfe-is.com\/fr\/wp-json\/wp\/v2\/pages\/258453","targetHints":{"allow":["GET"]}}],"collection":[{"href":"https:\/\/mfe-is.com\/fr\/wp-json\/wp\/v2\/pages"}],"about":[{"href":"https:\/\/mfe-is.com\/fr\/wp-json\/wp\/v2\/types\/page"}],"author":[{"embeddable":true,"href":"https:\/\/mfe-is.com\/fr\/wp-json\/wp\/v2\/users\/6"}],"replies":[{"embeddable":true,"href":"https:\/\/mfe-is.com\/fr\/wp-json\/wp\/v2\/comments?post=258453"}],"version-history":[{"count":0,"href":"https:\/\/mfe-is.com\/fr\/wp-json\/wp\/v2\/pages\/258453\/revisions"}],"wp:featuredmedia":[{"embeddable":true,"href":"https:\/\/mfe-is.com\/fr\/wp-json\/wp\/v2\/media\/257474"}],"wp:attachment":[{"href":"https:\/\/mfe-is.com\/fr\/wp-json\/wp\/v2\/media?parent=258453"}],"curies":[{"name":"wp","href":"https:\/\/api.w.org\/{rel}","templated":true}]}}