{"id":258263,"date":"2024-10-28T13:24:28","date_gmt":"2024-10-28T19:24:28","guid":{"rendered":"https:\/\/mfe-is.com\/?page_id=258263"},"modified":"2024-10-28T13:29:39","modified_gmt":"2024-10-28T19:29:39","slug":"financement-canada","status":"publish","type":"page","link":"https:\/\/mfe-is.com\/fr\/financing-canada\/","title":{"rendered":"Financing CANADA"},"content":{"rendered":"<div data-elementor-type=\"wp-page\" data-elementor-id=\"258263\" class=\"elementor elementor-258263\" data-elementor-settings=\"{&quot;ha_cmc_init_switcher&quot;:&quot;no&quot;}\" data-elementor-post-type=\"page\">\n\t\t\t\t<div class=\"elementor-element elementor-element-26845284 e-con-full e-flex e-con e-parent\" data-id=\"26845284\" data-element_type=\"container\" data-e-type=\"container\">\n\t\t\t\t<div class=\"elementor-element elementor-element-72374a50 elementor-widget elementor-widget-image\" data-id=\"72374a50\" data-element_type=\"widget\" data-e-type=\"widget\" data-widget_type=\"image.default\">\n\t\t\t\t<div class=\"elementor-widget-container\">\n\t\t\t\t\t\t\t\t\t\t\t\t\t\t\t<img fetchpriority=\"high\" decoding=\"async\" width=\"800\" height=\"400\" src=\"https:\/\/mfe-is.com\/wp-content\/uploads\/2024\/10\/financing-hero-1024x512.png\" class=\"attachment-large size-large wp-image-258146\" alt=\"\" srcset=\"https:\/\/mfe-is.com\/wp-content\/uploads\/2024\/10\/financing-hero-1024x512.png 1024w, https:\/\/mfe-is.com\/wp-content\/uploads\/2024\/10\/financing-hero-600x300.png 600w, https:\/\/mfe-is.com\/wp-content\/uploads\/2024\/10\/financing-hero-300x150.png 300w, https:\/\/mfe-is.com\/wp-content\/uploads\/2024\/10\/financing-hero-768x384.png 768w, https:\/\/mfe-is.com\/wp-content\/uploads\/2024\/10\/financing-hero-1536x768.png 1536w, https:\/\/mfe-is.com\/wp-content\/uploads\/2024\/10\/financing-hero.png 2048w\" sizes=\"(max-width: 800px) 100vw, 800px\" \/>\t\t\t\t\t\t\t\t\t\t\t\t\t\t\t<\/div>\n\t\t\t\t<\/div>\n\t\t\t\t<\/div>\n\t\t<div class=\"elementor-element elementor-element-7ca0fe94 e-flex e-con-boxed e-con e-parent\" data-id=\"7ca0fe94\" data-element_type=\"container\" data-e-type=\"container\">\n\t\t\t\t\t<div class=\"e-con-inner\">\n\t\t<div class=\"elementor-element elementor-element-118daf4 e-flex e-con-boxed e-con e-child\" data-id=\"118daf4\" data-element_type=\"container\" data-e-type=\"container\">\n\t\t\t\t\t<div class=\"e-con-inner\">\n\t\t<div class=\"elementor-element elementor-element-76f756d6 e-con-full e-flex e-con e-child\" data-id=\"76f756d6\" data-element_type=\"container\" data-e-type=\"container\">\n\t\t\t\t<div class=\"elementor-element elementor-element-2bf3c52 elementor-widget elementor-widget-heading\" data-id=\"2bf3c52\" data-element_type=\"widget\" data-e-type=\"widget\" data-widget_type=\"heading.default\">\n\t\t\t\t<div class=\"elementor-widget-container\">\n\t\t\t\t\t<h1 class=\"elementor-heading-title elementor-size-default\">Canada : Financement et location de mat\u00e9riel par l'interm\u00e9diaire de services financiers affili\u00e9s<\/h1>\t\t\t\t<\/div>\n\t\t\t\t<\/div>\n\t\t\t\t<div class=\"elementor-element elementor-element-436797c elementor-widget elementor-widget-text-editor\" data-id=\"436797c\" data-element_type=\"widget\" data-e-type=\"widget\" data-widget_type=\"text-editor.default\">\n\t\t\t\t<div class=\"elementor-widget-container\">\n\t\t\t\t\t\t\t\t\t<p><em>Nous sommes passionn\u00e9s par le financement. Notre mission est simple : aider les entreprises \u00e0 se d\u00e9velopper en leur offrant notre exp\u00e9rience et notre expertise par le biais de notre r\u00e9seau de pr\u00eateurs.<\/em><\/p><p><em>C'est ce qui fait de nous \"l'\u00e9talon-or du financement des \u00e9quipements\".<\/em><\/p><p><img decoding=\"async\" class=\"aligncenter wp-image-258264 size-medium\" src=\"https:\/\/mfe-is.com\/wp-content\/uploads\/2024\/10\/affiliated-financial-services-e1730143089639-300x180.png\" alt=\"\" width=\"300\" height=\"180\" srcset=\"https:\/\/mfe-is.com\/wp-content\/uploads\/2024\/10\/affiliated-financial-services-e1730143089639-300x180.png 300w, https:\/\/mfe-is.com\/wp-content\/uploads\/2024\/10\/affiliated-financial-services-e1730143089639-1024x615.png 1024w, https:\/\/mfe-is.com\/wp-content\/uploads\/2024\/10\/affiliated-financial-services-e1730143089639-768x461.png 768w, https:\/\/mfe-is.com\/wp-content\/uploads\/2024\/10\/affiliated-financial-services-e1730143089639-600x360.png 600w, https:\/\/mfe-is.com\/wp-content\/uploads\/2024\/10\/affiliated-financial-services-e1730143089639.png 1252w\" sizes=\"(max-width: 300px) 100vw, 300px\" \/><\/p>\t\t\t\t\t\t\t\t<\/div>\n\t\t\t\t<\/div>\n\t\t\t\t<div class=\"elementor-element elementor-element-4e09df5 elementor-align-center elementor-widget elementor-widget-button\" data-id=\"4e09df5\" data-element_type=\"widget\" data-e-type=\"widget\" data-widget_type=\"button.default\">\n\t\t\t\t<div class=\"elementor-widget-container\">\n\t\t\t\t\t\t\t\t\t<div class=\"elementor-button-wrapper\">\n\t\t\t\t\t<a class=\"elementor-button elementor-button-link elementor-size-sm\" href=\"https:\/\/www.sfleblanc.ca\/leasing-and-factoring-equipment-financing.html\" target=\"_blank\">\n\t\t\t\t\t\t<span class=\"elementor-button-content-wrapper\">\n\t\t\t\t\t\t\t\t\t<span class=\"elementor-button-text\">Postuler<\/span>\n\t\t\t\t\t<\/span>\n\t\t\t\t\t<\/a>\n\t\t\t\t<\/div>\n\t\t\t\t\t\t\t\t<\/div>\n\t\t\t\t<\/div>\n\t\t\t\t<div class=\"elementor-element elementor-element-7c341c37 elementor-widget elementor-widget-text-editor\" data-id=\"7c341c37\" data-element_type=\"widget\" data-e-type=\"widget\" data-widget_type=\"text-editor.default\">\n\t\t\t\t<div class=\"elementor-widget-container\">\n\t\t\t\t\t\t\t\t\t<p>MFE Inspection Solutions s'est associ\u00e9e \u00e0 Affiliated Financial Services pour permettre aux entreprises d'acqu\u00e9rir plus facilement l'\u00e9quipement dont elles ont besoin pour se d\u00e9velopper.<\/p><p>Depuis 1994, Affiliated Financial Services est reconnue dans le Code civil du Qu\u00e9bec comme une m\u00e9thode de financement fiable, permettant \u00e0 diverses organisations d'acqu\u00e9rir de l'\u00e9quipement et de la machinerie essentiels. Lorsqu'il n'est pas possible d'acheter des actifs directement, Affiliated Financial Services est la solution id\u00e9ale pour les entreprises qui souhaitent prendre de l'expansion. Cette option de financement flexible favorise la croissance en donnant acc\u00e8s \u00e0 l'\u00e9quipement dont les entreprises ont besoin pour prosp\u00e9rer.<\/p><p>Affiliated Financial Services est con\u00e7u pour soutenir les entreprises de tous types, en leur permettant d'acc\u00e9der \u00e0 une large gamme d'\u00e9quipements pour r\u00e9pondre \u00e0 leurs besoins. En choisissant Affiliated Financial Services, vous mettez votre entreprise sur la voie du succ\u00e8s et maximisez son potentiel de croissance.<\/p><p><img decoding=\"async\" src=\"https:\/\/mfe-is.com\/wp-content\/uploads\/2024\/10\/affiliated-financial-services-steps.png\" alt=\"\" width=\"886\" height=\"576\" \/><\/p>\t\t\t\t\t\t\t\t<\/div>\n\t\t\t\t<\/div>\n\t\t\t\t<div class=\"elementor-element elementor-element-2b6585a elementor-align-center elementor-widget elementor-widget-button\" data-id=\"2b6585a\" data-element_type=\"widget\" data-e-type=\"widget\" data-widget_type=\"button.default\">\n\t\t\t\t<div class=\"elementor-widget-container\">\n\t\t\t\t\t\t\t\t\t<div class=\"elementor-button-wrapper\">\n\t\t\t\t\t<a class=\"elementor-button elementor-button-link elementor-size-sm\" href=\"https:\/\/www.sfleblanc.ca\/leasing-and-factoring-equipment-financing.html\" target=\"_blank\">\n\t\t\t\t\t\t<span class=\"elementor-button-content-wrapper\">\n\t\t\t\t\t\t\t\t\t<span class=\"elementor-button-text\">Postuler<\/span>\n\t\t\t\t\t<\/span>\n\t\t\t\t\t<\/a>\n\t\t\t\t<\/div>\n\t\t\t\t\t\t\t\t<\/div>\n\t\t\t\t<\/div>\n\t\t\t\t<\/div>\n\t\t\t\t\t<\/div>\n\t\t\t\t<\/div>\n\t\t\t\t\t<\/div>\n\t\t\t\t<\/div>\n\t\t\t\t<\/div>","protected":false},"excerpt":{"rendered":"<p>Canada: Equipment Financing &amp; Leasing Through Affiliated Financial Services We\u2019re passionate about financing. Our mission is simple: to help businesses grow by offering our experience and expertise through our network of lenders. This is what makes us \u201cThe gold standard in equipment financing!&#8221; Apply Now MFE Inspection Solutions teamed up with Affiliated Financial Services to [&hellip;]<\/p>\n","protected":false},"author":6,"featured_media":258145,"parent":0,"menu_order":0,"comment_status":"closed","ping_status":"closed","template":"","meta":{"_acf_changed":false,"content-type":"","footnotes":""},"class_list":["post-258263","page","type-page","status-publish","has-post-thumbnail","hentry"],"acf":[],"yoast_head":"<!-- This site is optimized with the Yoast SEO plugin v27.4 - https:\/\/yoast.com\/product\/yoast-seo-wordpress\/ -->\n<title>Financing | Customer Services<\/title>\n<meta name=\"description\" content=\"Unlock growth with MFE and Affiliated Financial Services. Access financing for essential equipment to expand your business efficiently.\" \/>\n<meta name=\"robots\" content=\"index, follow, max-snippet:-1, max-image-preview:large, max-video-preview:-1\" \/>\n<link rel=\"canonical\" href=\"https:\/\/mfe-is.com\/fr\/financement-canada\/\" \/>\n<meta property=\"og:locale\" content=\"fr_CA\" \/>\n<meta property=\"og:type\" content=\"article\" \/>\n<meta property=\"og:title\" content=\"Financing | Customer Services\" \/>\n<meta property=\"og:description\" content=\"Unlock growth with MFE and Affiliated Financial Services. Access financing for essential equipment to expand your business efficiently.\" \/>\n<meta property=\"og:url\" content=\"https:\/\/mfe-is.com\/fr\/financement-canada\/\" \/>\n<meta property=\"og:site_name\" content=\"MFE Inspection Solutions\" \/>\n<meta property=\"article:modified_time\" content=\"2024-10-28T19:29:39+00:00\" \/>\n<meta property=\"og:image\" content=\"https:\/\/mfe-is.com\/wp-content\/uploads\/2024\/10\/financing-featured.png\" \/>\n\t<meta property=\"og:image:width\" content=\"896\" \/>\n\t<meta property=\"og:image:height\" content=\"604\" \/>\n\t<meta property=\"og:image:type\" content=\"image\/png\" \/>\n<meta name=\"twitter:card\" content=\"summary_large_image\" \/>\n<meta name=\"twitter:label1\" content=\"Est. reading time\" \/>\n\t<meta name=\"twitter:data1\" content=\"2 minutes\" \/>\n<script type=\"application\/ld+json\" class=\"yoast-schema-graph\">{\"@context\":\"https:\\\/\\\/schema.org\",\"@graph\":[{\"@type\":\"WebPage\",\"@id\":\"https:\\\/\\\/mfe-is.com\\\/financing-canada\\\/\",\"url\":\"https:\\\/\\\/mfe-is.com\\\/financing-canada\\\/\",\"name\":\"Financing | Customer Services\",\"isPartOf\":{\"@id\":\"https:\\\/\\\/mfe-is.com\\\/#website\"},\"primaryImageOfPage\":{\"@id\":\"https:\\\/\\\/mfe-is.com\\\/financing-canada\\\/#primaryimage\"},\"image\":{\"@id\":\"https:\\\/\\\/mfe-is.com\\\/financing-canada\\\/#primaryimage\"},\"thumbnailUrl\":\"https:\\\/\\\/mfe-is.com\\\/wp-content\\\/uploads\\\/2024\\\/10\\\/financing-featured.png\",\"datePublished\":\"2024-10-28T19:24:28+00:00\",\"dateModified\":\"2024-10-28T19:29:39+00:00\",\"description\":\"Unlock growth with MFE and Affiliated Financial Services. Access financing for essential equipment to expand your business efficiently.\",\"inLanguage\":\"fr-CA\",\"potentialAction\":[{\"@type\":\"ReadAction\",\"target\":[\"https:\\\/\\\/mfe-is.com\\\/financing-canada\\\/\"]}]},{\"@type\":\"ImageObject\",\"inLanguage\":\"fr-CA\",\"@id\":\"https:\\\/\\\/mfe-is.com\\\/financing-canada\\\/#primaryimage\",\"url\":\"https:\\\/\\\/mfe-is.com\\\/wp-content\\\/uploads\\\/2024\\\/10\\\/financing-featured.png\",\"contentUrl\":\"https:\\\/\\\/mfe-is.com\\\/wp-content\\\/uploads\\\/2024\\\/10\\\/financing-featured.png\",\"width\":896,\"height\":604},{\"@type\":\"WebSite\",\"@id\":\"https:\\\/\\\/mfe-is.com\\\/#website\",\"url\":\"https:\\\/\\\/mfe-is.com\\\/\",\"name\":\"MFE Inspection Solutions\",\"description\":\"NDT Equipment, Drones, Training &amp; Calibration\",\"publisher\":{\"@id\":\"https:\\\/\\\/mfe-is.com\\\/#organization\"},\"alternateName\":\"MFE IS\",\"potentialAction\":[{\"@type\":\"SearchAction\",\"target\":{\"@type\":\"EntryPoint\",\"urlTemplate\":\"https:\\\/\\\/mfe-is.com\\\/?s={search_term_string}\"},\"query-input\":{\"@type\":\"PropertyValueSpecification\",\"valueRequired\":true,\"valueName\":\"search_term_string\"}}],\"inLanguage\":\"fr-CA\"},{\"@type\":\"Organization\",\"@id\":\"https:\\\/\\\/mfe-is.com\\\/#organization\",\"name\":\"MFE Inspection Solutions\",\"url\":\"https:\\\/\\\/mfe-is.com\\\/\",\"logo\":{\"@type\":\"ImageObject\",\"inLanguage\":\"fr-CA\",\"@id\":\"https:\\\/\\\/mfe-is.com\\\/#\\\/schema\\\/logo\\\/image\\\/\",\"url\":\"https:\\\/\\\/mfe-is.com\\\/wp-content\\\/uploads\\\/2023\\\/12\\\/MFE-IS-Logo.jpg\",\"contentUrl\":\"https:\\\/\\\/mfe-is.com\\\/wp-content\\\/uploads\\\/2023\\\/12\\\/MFE-IS-Logo.jpg\",\"width\":686,\"height\":116,\"caption\":\"MFE Inspection Solutions\"},\"image\":{\"@id\":\"https:\\\/\\\/mfe-is.com\\\/#\\\/schema\\\/logo\\\/image\\\/\"}}]}<\/script>\n<!-- \/ Yoast SEO plugin. -->","yoast_head_json":{"title":"Financement | Services \u00e0 la client\u00e8le","description":"Lib\u00e9rez la croissance avec MFE et Affiliated Financial Services. Acc\u00e9dez au financement de l'\u00e9quipement essentiel pour d\u00e9velopper efficacement votre entreprise.","robots":{"index":"index","follow":"follow","max-snippet":"max-snippet:-1","max-image-preview":"max-image-preview:large","max-video-preview":"max-video-preview:-1"},"canonical":"https:\/\/mfe-is.com\/fr\/financement-canada\/","og_locale":"fr_CA","og_type":"article","og_title":"Financing | Customer Services","og_description":"Unlock growth with MFE and Affiliated Financial Services. Access financing for essential equipment to expand your business efficiently.","og_url":"https:\/\/mfe-is.com\/fr\/financement-canada\/","og_site_name":"MFE Inspection Solutions","article_modified_time":"2024-10-28T19:29:39+00:00","og_image":[{"width":896,"height":604,"url":"https:\/\/mfe-is.com\/wp-content\/uploads\/2024\/10\/financing-featured.png","type":"image\/png"}],"twitter_card":"summary_large_image","twitter_misc":{"Est. reading time":"2 minutes"},"schema":{"@context":"https:\/\/schema.org","@graph":[{"@type":"WebPage","@id":"https:\/\/mfe-is.com\/financing-canada\/","url":"https:\/\/mfe-is.com\/financing-canada\/","name":"Financement | Services \u00e0 la client\u00e8le","isPartOf":{"@id":"https:\/\/mfe-is.com\/#website"},"primaryImageOfPage":{"@id":"https:\/\/mfe-is.com\/financing-canada\/#primaryimage"},"image":{"@id":"https:\/\/mfe-is.com\/financing-canada\/#primaryimage"},"thumbnailUrl":"https:\/\/mfe-is.com\/wp-content\/uploads\/2024\/10\/financing-featured.png","datePublished":"2024-10-28T19:24:28+00:00","dateModified":"2024-10-28T19:29:39+00:00","description":"Lib\u00e9rez la croissance avec MFE et Affiliated Financial Services. Acc\u00e9dez au financement de l'\u00e9quipement essentiel pour d\u00e9velopper efficacement votre entreprise.","inLanguage":"fr-CA","potentialAction":[{"@type":"ReadAction","target":["https:\/\/mfe-is.com\/financing-canada\/"]}]},{"@type":"ImageObject","inLanguage":"fr-CA","@id":"https:\/\/mfe-is.com\/financing-canada\/#primaryimage","url":"https:\/\/mfe-is.com\/wp-content\/uploads\/2024\/10\/financing-featured.png","contentUrl":"https:\/\/mfe-is.com\/wp-content\/uploads\/2024\/10\/financing-featured.png","width":896,"height":604},{"@type":"WebSite","@id":"https:\/\/mfe-is.com\/#website","url":"https:\/\/mfe-is.com\/","name":"Solutions d'inspection MFE","description":"\u00c9quipement CND, drones, formation et \u00e9talonnage","publisher":{"@id":"https:\/\/mfe-is.com\/#organization"},"alternateName":"MFE IS","potentialAction":[{"@type":"SearchAction","target":{"@type":"EntryPoint","urlTemplate":"https:\/\/mfe-is.com\/?s={search_term_string}"},"query-input":{"@type":"PropertyValueSpecification","valueRequired":true,"valueName":"search_term_string"}}],"inLanguage":"fr-CA"},{"@type":"Organization","@id":"https:\/\/mfe-is.com\/#organization","name":"Solutions d'inspection MFE","url":"https:\/\/mfe-is.com\/","logo":{"@type":"ImageObject","inLanguage":"fr-CA","@id":"https:\/\/mfe-is.com\/#\/schema\/logo\/image\/","url":"https:\/\/mfe-is.com\/wp-content\/uploads\/2023\/12\/MFE-IS-Logo.jpg","contentUrl":"https:\/\/mfe-is.com\/wp-content\/uploads\/2023\/12\/MFE-IS-Logo.jpg","width":686,"height":116,"caption":"MFE Inspection Solutions"},"image":{"@id":"https:\/\/mfe-is.com\/#\/schema\/logo\/image\/"}}]}},"_links":{"self":[{"href":"https:\/\/mfe-is.com\/fr\/wp-json\/wp\/v2\/pages\/258263","targetHints":{"allow":["GET"]}}],"collection":[{"href":"https:\/\/mfe-is.com\/fr\/wp-json\/wp\/v2\/pages"}],"about":[{"href":"https:\/\/mfe-is.com\/fr\/wp-json\/wp\/v2\/types\/page"}],"author":[{"embeddable":true,"href":"https:\/\/mfe-is.com\/fr\/wp-json\/wp\/v2\/users\/6"}],"replies":[{"embeddable":true,"href":"https:\/\/mfe-is.com\/fr\/wp-json\/wp\/v2\/comments?post=258263"}],"version-history":[{"count":0,"href":"https:\/\/mfe-is.com\/fr\/wp-json\/wp\/v2\/pages\/258263\/revisions"}],"wp:featuredmedia":[{"embeddable":true,"href":"https:\/\/mfe-is.com\/fr\/wp-json\/wp\/v2\/media\/258145"}],"wp:attachment":[{"href":"https:\/\/mfe-is.com\/fr\/wp-json\/wp\/v2\/media?parent=258263"}],"curies":[{"name":"wp","href":"https:\/\/api.w.org\/{rel}","templated":true}]}}