{"id":253243,"date":"2024-07-31T11:49:08","date_gmt":"2024-07-31T17:49:08","guid":{"rendered":"https:\/\/mfe-is.com\/?page_id=253243"},"modified":"2024-10-30T15:15:16","modified_gmt":"2024-10-30T21:15:16","slug":"mfe-boston-dynamics-spot-service-center","status":"publish","type":"page","link":"https:\/\/mfe-is.com\/fr\/repairs-calibrations\/mfe-boston-dynamics-spot-service-center\/","title":{"rendered":"Le centre de services Boston Dynamics Spot de MFE"},"content":{"rendered":"<div data-elementor-type=\"wp-page\" data-elementor-id=\"253243\" class=\"elementor elementor-253243\" data-elementor-settings=\"{&quot;ha_cmc_init_switcher&quot;:&quot;no&quot;}\" data-elementor-post-type=\"page\">\n\t\t\t\t<div class=\"elementor-element elementor-element-62a41734 e-flex e-con-boxed e-con e-parent\" data-id=\"62a41734\" data-element_type=\"container\" data-e-type=\"container\" data-settings=\"{&quot;background_background&quot;:&quot;classic&quot;}\">\n\t\t\t\t\t<div class=\"e-con-inner\">\n\t\t\t\t<div class=\"elementor-element elementor-element-44726e9 elementor-widget elementor-widget-text-editor\" data-id=\"44726e9\" data-element_type=\"widget\" data-e-type=\"widget\" data-widget_type=\"text-editor.default\">\n\t\t\t\t<div class=\"elementor-widget-container\">\n\t\t\t\t\t\t\t\t\t<p>R\u00e9parations et \u00e9talonnages<\/p>\t\t\t\t\t\t\t\t<\/div>\n\t\t\t\t<\/div>\n\t\t<div class=\"elementor-element elementor-element-68896f7a e-flex e-con-boxed e-con e-child\" data-id=\"68896f7a\" data-element_type=\"container\" data-e-type=\"container\">\n\t\t\t\t\t<div class=\"e-con-inner\">\n\t\t\t\t<div class=\"elementor-element elementor-element-5ed1ddb7 elementor-widget elementor-widget-pp-breadcrumbs\" data-id=\"5ed1ddb7\" data-element_type=\"widget\" data-e-type=\"widget\" data-settings=\"{&quot;breadcrumbs_type&quot;:&quot;powerpack&quot;}\" data-widget_type=\"pp-breadcrumbs.default\">\n\t\t\t\t<div class=\"elementor-widget-container\">\n\t\t\t\t\t<ul class=\"pp-breadcrumbs pp-breadcrumbs-powerpack\"><\/ul>\t\t\t\t<\/div>\n\t\t\t\t<\/div>\n\t\t\t\t\t<\/div>\n\t\t\t\t<\/div>\n\t\t\t\t\t<\/div>\n\t\t\t\t<\/div>\n\t\t<div class=\"elementor-element elementor-element-65d0d8f9 e-flex e-con-boxed e-con e-parent\" data-id=\"65d0d8f9\" data-element_type=\"container\" data-e-type=\"container\">\n\t\t\t\t\t<div class=\"e-con-inner\">\n\t\t<div class=\"elementor-element elementor-element-482137a3 e-con-full e-flex e-con e-child\" data-id=\"482137a3\" data-element_type=\"container\" data-e-type=\"container\">\n\t\t\t\t<div class=\"elementor-element elementor-element-329ca9c1 elementor-widget elementor-widget-text-editor\" data-id=\"329ca9c1\" data-element_type=\"widget\" data-e-type=\"widget\" data-widget_type=\"text-editor.default\">\n\t\t\t\t<div class=\"elementor-widget-container\">\n\t\t\t\t\t\t\t\t\tLe centre de services Boston Dynamics Spot de MFE\t\t\t\t\t\t\t\t<\/div>\n\t\t\t\t<\/div>\n\t\t\t\t<div class=\"elementor-element elementor-element-3571befc elementor-widget elementor-widget-text-editor\" data-id=\"3571befc\" data-element_type=\"widget\" data-e-type=\"widget\" data-widget_type=\"text-editor.default\">\n\t\t\t\t<div class=\"elementor-widget-container\">\n\t\t\t\t\t\t\t\t\t<p><b>Solutions d'inspection MFE<\/b> dispose de centres de service Boston Dynamics agr\u00e9\u00e9s en Am\u00e9rique du Nord.\u00a0<\/p><p>Remplissez le formulaire ci-dessous pour \u00eatre mis en relation avec le centre de service le plus proche.<\/p>\t\t\t\t\t\t\t\t<\/div>\n\t\t\t\t<\/div>\n\t\t\t\t<\/div>\n\t\t\t\t\t<\/div>\n\t\t\t\t<\/div>\n\t\t<div class=\"elementor-element elementor-element-4a2d0027 e-flex e-con-boxed e-con e-parent\" data-id=\"4a2d0027\" data-element_type=\"container\" data-e-type=\"container\">\n\t\t\t\t\t<div class=\"e-con-inner\">\n\t\t<a class=\"elementor-element elementor-element-7f8a9ba7 e-con-full repairs_container_hover e-flex e-con e-child\" data-id=\"7f8a9ba7\" data-element_type=\"container\" data-e-type=\"container\" href=\"#contact\">\n\t\t\t\t<div class=\"elementor-element elementor-element-33841d6c repairs_image_hover elementor-widget elementor-widget-image\" data-id=\"33841d6c\" data-element_type=\"widget\" data-e-type=\"widget\" data-widget_type=\"image.default\">\n\t\t\t\t<div class=\"elementor-widget-container\">\n\t\t\t\t\t\t\t\t\t\t\t\t\t\t\t<img fetchpriority=\"high\" decoding=\"async\" width=\"500\" height=\"500\" src=\"https:\/\/mfe-is.com\/wp-content\/uploads\/2024\/07\/spare-parts-1.png\" class=\"attachment-large size-large wp-image-253245\" alt=\"\" srcset=\"https:\/\/mfe-is.com\/wp-content\/uploads\/2024\/07\/spare-parts-1.png 500w, https:\/\/mfe-is.com\/wp-content\/uploads\/2024\/07\/spare-parts-1-300x300.png 300w, https:\/\/mfe-is.com\/wp-content\/uploads\/2024\/07\/spare-parts-1-100x100.png 100w, https:\/\/mfe-is.com\/wp-content\/uploads\/2024\/07\/spare-parts-1-150x150.png 150w\" sizes=\"(max-width: 500px) 100vw, 500px\" \/>\t\t\t\t\t\t\t\t\t\t\t\t\t\t\t<\/div>\n\t\t\t\t<\/div>\n\t\t\t\t<div class=\"elementor-element elementor-element-45d6067d repairs_text_hover elementor-widget elementor-widget-text-editor\" data-id=\"45d6067d\" data-element_type=\"widget\" data-e-type=\"widget\" data-widget_type=\"text-editor.default\">\n\t\t\t\t<div class=\"elementor-widget-container\">\n\t\t\t\t\t\t\t\t\t<p style=\"text-align: center;\"><b>Pi\u00e8ces d\u00e9tach\u00e9es<\/b><\/p>\t\t\t\t\t\t\t\t<\/div>\n\t\t\t\t<\/div>\n\t\t\t\t<\/a>\n\t\t<a class=\"elementor-element elementor-element-bdbba9d e-con-full repairs_container_hover e-flex e-con e-child\" data-id=\"bdbba9d\" data-element_type=\"container\" data-e-type=\"container\" href=\"#contact\">\n\t\t\t\t<div class=\"elementor-element elementor-element-ce1576b repairs_image_hover elementor-widget elementor-widget-image\" data-id=\"ce1576b\" data-element_type=\"widget\" data-e-type=\"widget\" data-widget_type=\"image.default\">\n\t\t\t\t<div class=\"elementor-widget-container\">\n\t\t\t\t\t\t\t\t\t\t\t\t\t\t\t<img decoding=\"async\" width=\"500\" height=\"500\" src=\"https:\/\/mfe-is.com\/wp-content\/uploads\/2024\/07\/repairs-2.png\" class=\"attachment-large size-large wp-image-253244\" alt=\"\" srcset=\"https:\/\/mfe-is.com\/wp-content\/uploads\/2024\/07\/repairs-2.png 500w, https:\/\/mfe-is.com\/wp-content\/uploads\/2024\/07\/repairs-2-300x300.png 300w, https:\/\/mfe-is.com\/wp-content\/uploads\/2024\/07\/repairs-2-100x100.png 100w, https:\/\/mfe-is.com\/wp-content\/uploads\/2024\/07\/repairs-2-150x150.png 150w\" sizes=\"(max-width: 500px) 100vw, 500px\" \/>\t\t\t\t\t\t\t\t\t\t\t\t\t\t\t<\/div>\n\t\t\t\t<\/div>\n\t\t\t\t<div class=\"elementor-element elementor-element-17726ec repairs_text_hover elementor-widget elementor-widget-text-editor\" data-id=\"17726ec\" data-element_type=\"widget\" data-e-type=\"widget\" data-widget_type=\"text-editor.default\">\n\t\t\t\t<div class=\"elementor-widget-container\">\n\t\t\t\t\t\t\t\t\t<p style=\"text-align: center;\"><b>R\u00e9parations<\/b><\/p>\t\t\t\t\t\t\t\t<\/div>\n\t\t\t\t<\/div>\n\t\t\t\t<\/a>\n\t\t<a class=\"elementor-element elementor-element-18d0048 e-con-full repairs_container_hover e-flex e-con e-child\" data-id=\"18d0048\" data-element_type=\"container\" data-e-type=\"container\" href=\"#contact\">\n\t\t\t\t<div class=\"elementor-element elementor-element-445f722 repairs_image_hover elementor-widget elementor-widget-image\" data-id=\"445f722\" data-element_type=\"widget\" data-e-type=\"widget\" data-widget_type=\"image.default\">\n\t\t\t\t<div class=\"elementor-widget-container\">\n\t\t\t\t\t\t\t\t\t\t\t\t\t\t\t<img decoding=\"async\" width=\"500\" height=\"500\" src=\"https:\/\/mfe-is.com\/wp-content\/uploads\/2024\/07\/tune-ups.png\" class=\"attachment-large size-large wp-image-253246\" alt=\"\" srcset=\"https:\/\/mfe-is.com\/wp-content\/uploads\/2024\/07\/tune-ups.png 500w, https:\/\/mfe-is.com\/wp-content\/uploads\/2024\/07\/tune-ups-300x300.png 300w, https:\/\/mfe-is.com\/wp-content\/uploads\/2024\/07\/tune-ups-100x100.png 100w, https:\/\/mfe-is.com\/wp-content\/uploads\/2024\/07\/tune-ups-150x150.png 150w\" sizes=\"(max-width: 500px) 100vw, 500px\" \/>\t\t\t\t\t\t\t\t\t\t\t\t\t\t\t<\/div>\n\t\t\t\t<\/div>\n\t\t\t\t<div class=\"elementor-element elementor-element-8a0b51a repairs_text_hover elementor-widget elementor-widget-text-editor\" data-id=\"8a0b51a\" data-element_type=\"widget\" data-e-type=\"widget\" data-widget_type=\"text-editor.default\">\n\t\t\t\t<div class=\"elementor-widget-container\">\n\t\t\t\t\t\t\t\t\t<p style=\"text-align: center;\"><b>Mise au point<\/b><\/p>\t\t\t\t\t\t\t\t<\/div>\n\t\t\t\t<\/div>\n\t\t\t\t<\/a>\n\t\t\t\t\t<\/div>\n\t\t\t\t<\/div>\n\t\t<a class=\"elementor-element elementor-element-30edebea e-flex e-con-boxed e-con e-parent\" data-id=\"30edebea\" data-element_type=\"container\" data-e-type=\"container\" id=\"contact\" data-settings=\"{&quot;background_background&quot;:&quot;classic&quot;}\">\n\t\t\t\t\t<div class=\"e-con-inner\">\n\t\t<div class=\"elementor-element elementor-element-56529f62 e-flex e-con-boxed e-con e-child\" data-id=\"56529f62\" data-element_type=\"container\" data-e-type=\"container\" data-settings=\"{&quot;background_background&quot;:&quot;classic&quot;}\">\n\t\t\t\t\t<div class=\"e-con-inner\">\n\t\t\t\t<div class=\"elementor-element elementor-element-1c9a9a93 elementor-widget elementor-widget-text-editor\" data-id=\"1c9a9a93\" data-element_type=\"widget\" data-e-type=\"widget\" data-widget_type=\"text-editor.default\">\n\t\t\t\t<div class=\"elementor-widget-container\">\n\t\t\t\t\t\t\t\t\t<p>Contacter le centre de service<\/p>\t\t\t\t\t\t\t\t<\/div>\n\t\t\t\t<\/div>\n\t\t\t\t<div class=\"elementor-element elementor-element-293fe1f elementor-widget elementor-widget-html\" data-id=\"293fe1f\" data-element_type=\"widget\" data-e-type=\"widget\" data-widget_type=\"html.default\">\n\t\t\t\t<div class=\"elementor-widget-container\">\n\t\t\t\t\t<script charset=\"utf-8\" type=\"text\/javascript\" src=\"\/\/js.hsforms.net\/forms\/embed\/v2.js\"><\/script>\n<script>\n  hbspt.forms.create({\n    portalId: \"44954569\",\n    formId: \"a3dd2561-303e-4521-8821-6f164f381ca5\"\n  });\n<\/script>\t\t\t\t<\/div>\n\t\t\t\t<\/div>\n\t\t\t\t\t<\/div>\n\t\t\t\t<\/div>\n\t\t\t\t\t<\/div>\n\t\t\t\t<\/a>\n\t\t\t\t<\/div>","protected":false},"excerpt":{"rendered":"<p>Repairs &amp; Calibrations MFE Inspection Solutions has authorized Boston Dynamics Service Centers located in North America.\u00a0 Fill out the form below to get connected with your nearest service center. Spare Parts Repairs Tune-ups Contact Service Center<\/p>","protected":false},"author":8,"featured_media":253215,"parent":253242,"menu_order":0,"comment_status":"closed","ping_status":"closed","template":"","meta":{"_acf_changed":false,"content-type":"","footnotes":""},"class_list":["post-253243","page","type-page","status-publish","has-post-thumbnail","hentry"],"acf":[],"yoast_head":"<!-- This site is optimized with the Yoast SEO plugin v27.4 - https:\/\/yoast.com\/product\/yoast-seo-wordpress\/ -->\n<title>MFE&#039;s Boston Dynamics Spot Service Center | Repairs &amp; Calibrations<\/title>\n<meta name=\"description\" content=\"MFE Inspection Solutions operates authorized Boston Dynamics Service Centers across North America, providing expert support and maintenance.\" \/>\n<meta name=\"robots\" content=\"index, follow, max-snippet:-1, max-image-preview:large, max-video-preview:-1\" \/>\n<link rel=\"canonical\" href=\"https:\/\/mfe-is.com\/fr\/les-reparations-les-etalonnages\/mfe-boston-dynamics-spot-service-center\/\" \/>\n<meta property=\"og:locale\" content=\"fr_CA\" \/>\n<meta property=\"og:type\" content=\"article\" \/>\n<meta property=\"og:title\" content=\"MFE&#039;s Boston Dynamics Spot Service Center | Repairs &amp; Calibrations\" \/>\n<meta property=\"og:description\" content=\"MFE Inspection Solutions operates authorized Boston Dynamics Service Centers across North America, providing expert support and maintenance.\" \/>\n<meta property=\"og:url\" content=\"https:\/\/mfe-is.com\/fr\/les-reparations-les-etalonnages\/mfe-boston-dynamics-spot-service-center\/\" \/>\n<meta property=\"og:site_name\" content=\"MFE Inspection Solutions\" \/>\n<meta property=\"article:modified_time\" content=\"2024-10-30T21:15:16+00:00\" \/>\n<meta property=\"og:image\" content=\"https:\/\/mfe-is.com\/wp-content\/uploads\/2024\/07\/repairs-hero-image.jpg\" \/>\n\t<meta property=\"og:image:width\" content=\"1728\" \/>\n\t<meta property=\"og:image:height\" content=\"795\" \/>\n\t<meta property=\"og:image:type\" content=\"image\/jpeg\" \/>\n<meta name=\"twitter:card\" content=\"summary_large_image\" \/>\n<meta name=\"twitter:label1\" content=\"Est. reading time\" \/>\n\t<meta name=\"twitter:data1\" content=\"1 minute\" \/>\n<script type=\"application\/ld+json\" class=\"yoast-schema-graph\">{\"@context\":\"https:\\\/\\\/schema.org\",\"@graph\":[{\"@type\":\"WebPage\",\"@id\":\"https:\\\/\\\/mfe-is.com\\\/repairs-calibrations\\\/mfe-boston-dynamics-spot-service-center\\\/\",\"url\":\"https:\\\/\\\/mfe-is.com\\\/repairs-calibrations\\\/mfe-boston-dynamics-spot-service-center\\\/\",\"name\":\"MFE's Boston Dynamics Spot Service Center | Repairs & Calibrations\",\"isPartOf\":{\"@id\":\"https:\\\/\\\/mfe-is.com\\\/#website\"},\"primaryImageOfPage\":{\"@id\":\"https:\\\/\\\/mfe-is.com\\\/repairs-calibrations\\\/mfe-boston-dynamics-spot-service-center\\\/#primaryimage\"},\"image\":{\"@id\":\"https:\\\/\\\/mfe-is.com\\\/repairs-calibrations\\\/mfe-boston-dynamics-spot-service-center\\\/#primaryimage\"},\"thumbnailUrl\":\"https:\\\/\\\/mfe-is.com\\\/wp-content\\\/uploads\\\/2024\\\/07\\\/repairs-hero-image.jpg\",\"datePublished\":\"2024-07-31T17:49:08+00:00\",\"dateModified\":\"2024-10-30T21:15:16+00:00\",\"description\":\"MFE Inspection Solutions operates authorized Boston Dynamics Service Centers across North America, providing expert support and maintenance.\",\"breadcrumb\":{\"@id\":\"https:\\\/\\\/mfe-is.com\\\/repairs-calibrations\\\/mfe-boston-dynamics-spot-service-center\\\/#breadcrumb\"},\"inLanguage\":\"fr-CA\",\"potentialAction\":[{\"@type\":\"ReadAction\",\"target\":[\"https:\\\/\\\/mfe-is.com\\\/repairs-calibrations\\\/mfe-boston-dynamics-spot-service-center\\\/\"]}]},{\"@type\":\"ImageObject\",\"inLanguage\":\"fr-CA\",\"@id\":\"https:\\\/\\\/mfe-is.com\\\/repairs-calibrations\\\/mfe-boston-dynamics-spot-service-center\\\/#primaryimage\",\"url\":\"https:\\\/\\\/mfe-is.com\\\/wp-content\\\/uploads\\\/2024\\\/07\\\/repairs-hero-image.jpg\",\"contentUrl\":\"https:\\\/\\\/mfe-is.com\\\/wp-content\\\/uploads\\\/2024\\\/07\\\/repairs-hero-image.jpg\",\"width\":1728,\"height\":795},{\"@type\":\"BreadcrumbList\",\"@id\":\"https:\\\/\\\/mfe-is.com\\\/repairs-calibrations\\\/mfe-boston-dynamics-spot-service-center\\\/#breadcrumb\",\"itemListElement\":[{\"@type\":\"ListItem\",\"position\":1,\"name\":\"Repairs &amp; Calibrations\",\"item\":\"https:\\\/\\\/mfe-is.com\\\/repairs-calibrations\\\/\"},{\"@type\":\"ListItem\",\"position\":2,\"name\":\"MFE&#8217;s Boston Dynamics Spot Service Center\"}]},{\"@type\":\"WebSite\",\"@id\":\"https:\\\/\\\/mfe-is.com\\\/#website\",\"url\":\"https:\\\/\\\/mfe-is.com\\\/\",\"name\":\"MFE Inspection Solutions\",\"description\":\"NDT Equipment, Drones, Training &amp; Calibration\",\"publisher\":{\"@id\":\"https:\\\/\\\/mfe-is.com\\\/#organization\"},\"alternateName\":\"MFE IS\",\"potentialAction\":[{\"@type\":\"SearchAction\",\"target\":{\"@type\":\"EntryPoint\",\"urlTemplate\":\"https:\\\/\\\/mfe-is.com\\\/?s={search_term_string}\"},\"query-input\":{\"@type\":\"PropertyValueSpecification\",\"valueRequired\":true,\"valueName\":\"search_term_string\"}}],\"inLanguage\":\"fr-CA\"},{\"@type\":\"Organization\",\"@id\":\"https:\\\/\\\/mfe-is.com\\\/#organization\",\"name\":\"MFE Inspection Solutions\",\"url\":\"https:\\\/\\\/mfe-is.com\\\/\",\"logo\":{\"@type\":\"ImageObject\",\"inLanguage\":\"fr-CA\",\"@id\":\"https:\\\/\\\/mfe-is.com\\\/#\\\/schema\\\/logo\\\/image\\\/\",\"url\":\"https:\\\/\\\/mfe-is.com\\\/wp-content\\\/uploads\\\/2023\\\/12\\\/MFE-IS-Logo.jpg\",\"contentUrl\":\"https:\\\/\\\/mfe-is.com\\\/wp-content\\\/uploads\\\/2023\\\/12\\\/MFE-IS-Logo.jpg\",\"width\":686,\"height\":116,\"caption\":\"MFE Inspection Solutions\"},\"image\":{\"@id\":\"https:\\\/\\\/mfe-is.com\\\/#\\\/schema\\\/logo\\\/image\\\/\"}}]}<\/script>\n<!-- \/ Yoast SEO plugin. -->","yoast_head_json":{"title":"Centre d'entretien Boston Dynamics Spot de MFE - R\u00e9parations et \u00e9talonnages","description":"MFE Inspection Solutions exploite des centres de service Boston Dynamics agr\u00e9\u00e9s dans toute l'Am\u00e9rique du Nord, fournissant une assistance et une maintenance expertes.","robots":{"index":"index","follow":"follow","max-snippet":"max-snippet:-1","max-image-preview":"max-image-preview:large","max-video-preview":"max-video-preview:-1"},"canonical":"https:\/\/mfe-is.com\/fr\/les-reparations-les-etalonnages\/mfe-boston-dynamics-spot-service-center\/","og_locale":"fr_CA","og_type":"article","og_title":"MFE's Boston Dynamics Spot Service Center | Repairs & Calibrations","og_description":"MFE Inspection Solutions operates authorized Boston Dynamics Service Centers across North America, providing expert support and maintenance.","og_url":"https:\/\/mfe-is.com\/fr\/les-reparations-les-etalonnages\/mfe-boston-dynamics-spot-service-center\/","og_site_name":"MFE Inspection Solutions","article_modified_time":"2024-10-30T21:15:16+00:00","og_image":[{"width":1728,"height":795,"url":"https:\/\/mfe-is.com\/wp-content\/uploads\/2024\/07\/repairs-hero-image.jpg","type":"image\/jpeg"}],"twitter_card":"summary_large_image","twitter_misc":{"Est. reading time":"1 minute"},"schema":{"@context":"https:\/\/schema.org","@graph":[{"@type":"WebPage","@id":"https:\/\/mfe-is.com\/repairs-calibrations\/mfe-boston-dynamics-spot-service-center\/","url":"https:\/\/mfe-is.com\/repairs-calibrations\/mfe-boston-dynamics-spot-service-center\/","name":"Centre d'entretien Boston Dynamics Spot de MFE - R\u00e9parations et \u00e9talonnages","isPartOf":{"@id":"https:\/\/mfe-is.com\/#website"},"primaryImageOfPage":{"@id":"https:\/\/mfe-is.com\/repairs-calibrations\/mfe-boston-dynamics-spot-service-center\/#primaryimage"},"image":{"@id":"https:\/\/mfe-is.com\/repairs-calibrations\/mfe-boston-dynamics-spot-service-center\/#primaryimage"},"thumbnailUrl":"https:\/\/mfe-is.com\/wp-content\/uploads\/2024\/07\/repairs-hero-image.jpg","datePublished":"2024-07-31T17:49:08+00:00","dateModified":"2024-10-30T21:15:16+00:00","description":"MFE Inspection Solutions exploite des centres de service Boston Dynamics agr\u00e9\u00e9s dans toute l'Am\u00e9rique du Nord, fournissant une assistance et une maintenance expertes.","breadcrumb":{"@id":"https:\/\/mfe-is.com\/repairs-calibrations\/mfe-boston-dynamics-spot-service-center\/#breadcrumb"},"inLanguage":"fr-CA","potentialAction":[{"@type":"ReadAction","target":["https:\/\/mfe-is.com\/repairs-calibrations\/mfe-boston-dynamics-spot-service-center\/"]}]},{"@type":"ImageObject","inLanguage":"fr-CA","@id":"https:\/\/mfe-is.com\/repairs-calibrations\/mfe-boston-dynamics-spot-service-center\/#primaryimage","url":"https:\/\/mfe-is.com\/wp-content\/uploads\/2024\/07\/repairs-hero-image.jpg","contentUrl":"https:\/\/mfe-is.com\/wp-content\/uploads\/2024\/07\/repairs-hero-image.jpg","width":1728,"height":795},{"@type":"BreadcrumbList","@id":"https:\/\/mfe-is.com\/repairs-calibrations\/mfe-boston-dynamics-spot-service-center\/#breadcrumb","itemListElement":[{"@type":"ListItem","position":1,"name":"Repairs &amp; Calibrations","item":"https:\/\/mfe-is.com\/repairs-calibrations\/"},{"@type":"ListItem","position":2,"name":"MFE&#8217;s Boston Dynamics Spot Service Center"}]},{"@type":"WebSite","@id":"https:\/\/mfe-is.com\/#website","url":"https:\/\/mfe-is.com\/","name":"Solutions d'inspection MFE","description":"\u00c9quipement CND, drones, formation et \u00e9talonnage","publisher":{"@id":"https:\/\/mfe-is.com\/#organization"},"alternateName":"MFE IS","potentialAction":[{"@type":"SearchAction","target":{"@type":"EntryPoint","urlTemplate":"https:\/\/mfe-is.com\/?s={search_term_string}"},"query-input":{"@type":"PropertyValueSpecification","valueRequired":true,"valueName":"search_term_string"}}],"inLanguage":"fr-CA"},{"@type":"Organization","@id":"https:\/\/mfe-is.com\/#organization","name":"Solutions d'inspection MFE","url":"https:\/\/mfe-is.com\/","logo":{"@type":"ImageObject","inLanguage":"fr-CA","@id":"https:\/\/mfe-is.com\/#\/schema\/logo\/image\/","url":"https:\/\/mfe-is.com\/wp-content\/uploads\/2023\/12\/MFE-IS-Logo.jpg","contentUrl":"https:\/\/mfe-is.com\/wp-content\/uploads\/2023\/12\/MFE-IS-Logo.jpg","width":686,"height":116,"caption":"MFE Inspection Solutions"},"image":{"@id":"https:\/\/mfe-is.com\/#\/schema\/logo\/image\/"}}]}},"_links":{"self":[{"href":"https:\/\/mfe-is.com\/fr\/wp-json\/wp\/v2\/pages\/253243","targetHints":{"allow":["GET"]}}],"collection":[{"href":"https:\/\/mfe-is.com\/fr\/wp-json\/wp\/v2\/pages"}],"about":[{"href":"https:\/\/mfe-is.com\/fr\/wp-json\/wp\/v2\/types\/page"}],"author":[{"embeddable":true,"href":"https:\/\/mfe-is.com\/fr\/wp-json\/wp\/v2\/users\/8"}],"replies":[{"embeddable":true,"href":"https:\/\/mfe-is.com\/fr\/wp-json\/wp\/v2\/comments?post=253243"}],"version-history":[{"count":0,"href":"https:\/\/mfe-is.com\/fr\/wp-json\/wp\/v2\/pages\/253243\/revisions"}],"up":[{"embeddable":true,"href":"https:\/\/mfe-is.com\/fr\/wp-json\/wp\/v2\/pages\/253242"}],"wp:featuredmedia":[{"embeddable":true,"href":"https:\/\/mfe-is.com\/fr\/wp-json\/wp\/v2\/media\/253215"}],"wp:attachment":[{"href":"https:\/\/mfe-is.com\/fr\/wp-json\/wp\/v2\/media?parent=253243"}],"curies":[{"name":"wp","href":"https:\/\/api.w.org\/{rel}","templated":true}]}}