{"id":253112,"date":"2024-07-15T18:38:02","date_gmt":"2024-07-16T00:38:02","guid":{"rendered":"https:\/\/mfe-is.com\/?page_id=253112"},"modified":"2025-12-02T16:53:16","modified_gmt":"2025-12-02T22:53:16","slug":"a-propos-de","status":"publish","type":"page","link":"https:\/\/mfe-is.com\/fr\/about\/","title":{"rendered":"\u00c0 propos de MFE"},"content":{"rendered":"<div data-elementor-type=\"wp-page\" data-elementor-id=\"253112\" class=\"elementor elementor-253112\" data-elementor-settings=\"{&quot;ha_cmc_init_switcher&quot;:&quot;no&quot;}\" data-elementor-post-type=\"page\">\n\t\t\t\t<div class=\"elementor-element elementor-element-70a2aa17 e-flex e-con-boxed e-con e-parent\" data-id=\"70a2aa17\" data-element_type=\"container\" data-e-type=\"container\" data-settings=\"{&quot;background_background&quot;:&quot;classic&quot;}\">\n\t\t\t\t\t<div class=\"e-con-inner\">\n\t\t\t\t<div class=\"elementor-element elementor-element-4e55ea67 elementor-widget elementor-widget-text-editor\" data-id=\"4e55ea67\" data-element_type=\"widget\" data-e-type=\"widget\" data-widget_type=\"text-editor.default\">\n\t\t\t\t<div class=\"elementor-widget-container\">\n\t\t\t\t\t\t\t\t\t<p>\u00c0 propos de MFE<\/p>\t\t\t\t\t\t\t\t<\/div>\n\t\t\t\t<\/div>\n\t\t\t\t\t<\/div>\n\t\t\t\t<\/div>\n\t\t<div class=\"elementor-element elementor-element-a7b098b e-flex e-con-boxed e-con e-parent\" data-id=\"a7b098b\" data-element_type=\"container\" data-e-type=\"container\" data-settings=\"{&quot;background_background&quot;:&quot;classic&quot;}\">\n\t\t\t\t\t<div class=\"e-con-inner\">\n\t\t\t\t<div class=\"elementor-element elementor-element-d05a255 elementor-widget__width-initial elementor-widget elementor-widget-text-editor\" data-id=\"d05a255\" data-element_type=\"widget\" data-e-type=\"widget\" data-widget_type=\"text-editor.default\">\n\t\t\t\t<div class=\"elementor-widget-container\">\n\t\t\t\t\t\t\t\t\t<h2><strong>Bienvenue chez MFE Inspection Solutions, votre premier partenaire dans le domaine de l'inspection.<\/strong><\/h2>\t\t\t\t\t\t\t\t<\/div>\n\t\t\t\t<\/div>\n\t\t\t\t<div class=\"elementor-element elementor-element-dd9984a elementor-widget__width-initial elementor-widget elementor-widget-text-editor\" data-id=\"dd9984a\" data-element_type=\"widget\" data-e-type=\"widget\" data-widget_type=\"text-editor.default\">\n\t\t\t\t<div class=\"elementor-widget-container\">\n\t\t\t\t\t\t\t\t\t<p><span style=\"white-space-collapse: preserve;\"><strong>Bienvenue \u00e0 MFE.<\/strong> Our story isn&#8217;t just a list of products and services, it&#8217;s about a team driven to innovate in non-destructive testing, remote visual inspection, environmental monitoring, and the use of unmanned robotic systems. We&#8217;re the combination of MFE Enterprises, MFE Inspection Solutions, and NDT Electronics\u2014a blend that&#8217;s pushing the industry forward.<\/span><\/p>\t\t\t\t\t\t\t\t<\/div>\n\t\t\t\t<\/div>\n\t\t\t\t\t<\/div>\n\t\t\t\t<\/div>\n\t\t<div class=\"elementor-element elementor-element-b6394f9 e-flex e-con-boxed e-con e-parent\" data-id=\"b6394f9\" data-element_type=\"container\" data-e-type=\"container\" data-settings=\"{&quot;background_background&quot;:&quot;classic&quot;}\">\n\t\t\t\t\t<div class=\"e-con-inner\">\n\t\t\t\t<div class=\"elementor-element elementor-element-9aeae84 elementor-widget__width-initial elementor-widget elementor-widget-text-editor\" data-id=\"9aeae84\" data-element_type=\"widget\" data-e-type=\"widget\" data-widget_type=\"text-editor.default\">\n\t\t\t\t<div class=\"elementor-widget-container\">\n\t\t\t\t\t\t\t\t\t<h2><strong>Point de d\u00e9part : MFE Enterprises, fond\u00e9e en 1994<\/strong><\/h2>\t\t\t\t\t\t\t\t<\/div>\n\t\t\t\t<\/div>\n\t\t\t\t<div class=\"elementor-element elementor-element-3daade2 elementor-widget__width-initial elementor-widget elementor-widget-text-editor\" data-id=\"3daade2\" data-element_type=\"widget\" data-e-type=\"widget\" data-widget_type=\"text-editor.default\">\n\t\t\t\t<div class=\"elementor-widget-container\">\n\t\t\t\t\t\t\t\t\t<p><span style=\"white-space-collapse: preserve;\">It all started with MFE Enterprises. Founded by Bill Duke and Dave Amos, we hit the ground running with magnetic flux leakage technology for inspecting storage tanks and pipelines.<br \/><\/span><\/p><p><span style=\"white-space-collapse: preserve;\">With tools like the 65 lb Mark IV tank floor scanner and the 61 lb MFE Edge, we\u2019ve made inspections faster, more accurate, and cost-effective. This foundation of innovation and quality set the pace for everything that followed.<\/span><\/p>\t\t\t\t\t\t\t\t<\/div>\n\t\t\t\t<\/div>\n\t\t\t\t<div class=\"elementor-element elementor-element-225e23e elementor-widget__width-initial elementor-widget elementor-widget-text-editor\" data-id=\"225e23e\" data-element_type=\"widget\" data-e-type=\"widget\" data-widget_type=\"text-editor.default\">\n\t\t\t\t<div class=\"elementor-widget-container\">\n\t\t\t\t\t\t\t\t\t<h2><strong>Expansion : MFE Inspection Solutions, fond\u00e9e en 2009<\/strong><\/h2>\t\t\t\t\t\t\t\t<\/div>\n\t\t\t\t<\/div>\n\t\t\t\t<div class=\"elementor-element elementor-element-fd57993 elementor-widget__width-initial elementor-widget elementor-widget-text-editor\" data-id=\"fd57993\" data-element_type=\"widget\" data-e-type=\"widget\" data-widget_type=\"text-editor.default\">\n\t\t\t\t<div class=\"elementor-widget-container\">\n\t\t\t\t\t\t\t\t\t<p><span style=\"white-space-collapse: preserve;\">S'appuyant sur l'h\u00e9ritage de MFE Enterprises, nous avons lanc\u00e9 MFE Inspection Solutions en 2009. D\u00e9butant dans un modeste bureau au Texas, notre ambition \u00e9tait mondiale.<\/span><\/p><p><span style=\"white-space-collapse: preserve;\">MFE\u2019s focus has been on delivering the best tools and technology, supported by dependable customer service. With 13 offices in four countries, we ensure we&#8217;re always where our customers need us.<\/span><\/p>\t\t\t\t\t\t\t\t<\/div>\n\t\t\t\t<\/div>\n\t\t\t\t<div class=\"elementor-element elementor-element-ca14d30 elementor-widget__width-initial elementor-widget elementor-widget-text-editor\" data-id=\"ca14d30\" data-element_type=\"widget\" data-e-type=\"widget\" data-widget_type=\"text-editor.default\">\n\t\t\t\t<div class=\"elementor-widget-container\">\n\t\t\t\t\t\t\t\t\t<h2><strong>\u00c9largir notre champ d'action : NDT Electronics, fond\u00e9 en 1981, rejoint en 2016<\/strong><\/h2>\t\t\t\t\t\t\t\t<\/div>\n\t\t\t\t<\/div>\n\t\t\t\t<div class=\"elementor-element elementor-element-23d409a elementor-widget__width-initial elementor-widget elementor-widget-text-editor\" data-id=\"23d409a\" data-element_type=\"widget\" data-e-type=\"widget\" data-widget_type=\"text-editor.default\">\n\t\t\t\t<div class=\"elementor-widget-container\">\n\t\t\t\t\t\t\t\t\t<p><span style=\"white-space-collapse: preserve;\">L'acquisition de NDT Electronics en 2016 a \u00e9largi nos capacit\u00e9s. Fond\u00e9e en 1981 par William Ganch, Jr, NDT Electronics a apport\u00e9 des d\u00e9cennies d'expertise dans les services d'\u00e9talonnage et de r\u00e9paration, ainsi qu'un catalogue d'\u00e9quipements et de fournitures pour les essais non destructifs. <\/span><\/p><p><span style=\"white-space-collapse: preserve;\">Cet ajout nous a permis d'offrir une gamme plus large de services et de maintenir notre engagement en mati\u00e8re de qualit\u00e9 et de valeur.<\/span><\/p>\t\t\t\t\t\t\t\t<\/div>\n\t\t\t\t<\/div>\n\t\t\t\t<div class=\"elementor-element elementor-element-a766302 elementor-widget__width-initial elementor-widget elementor-widget-text-editor\" data-id=\"a766302\" data-element_type=\"widget\" data-e-type=\"widget\" data-widget_type=\"text-editor.default\">\n\t\t\t\t<div class=\"elementor-widget-container\">\n\t\t\t\t\t\t\t\t\t<h2><strong>Expanding Our Reach: MFE Offshore<\/strong><\/h2>\t\t\t\t\t\t\t\t<\/div>\n\t\t\t\t<\/div>\n\t\t\t\t<div class=\"elementor-element elementor-element-e65b7f5 elementor-widget__width-initial elementor-widget elementor-widget-text-editor\" data-id=\"e65b7f5\" data-element_type=\"widget\" data-e-type=\"widget\" data-widget_type=\"text-editor.default\">\n\t\t\t\t<div class=\"elementor-widget-container\">\n\t\t\t\t\t\t\t\t\t<p data-start=\"379\" data-end=\"663\">As part of our ongoing mission to provide the most advanced inspection solutions across industries, we launched MFE Offshore in 2025\u2014a dedicated division focused on delivering high-performance ROV sensors and subsea technologies to the offshore energy, infrastructure, and marine sectors.<\/p><p data-start=\"1043\" data-end=\"1238\">This expansion reflects our commitment to innovation and reinforces our promise to support critical industries with specialized technology and unmatched service, both above and below the surface.<\/p>\t\t\t\t\t\t\t\t<\/div>\n\t\t\t\t<\/div>\n\t\t\t\t<div class=\"elementor-element elementor-element-7972846 elementor-widget__width-initial elementor-widget elementor-widget-text-editor\" data-id=\"7972846\" data-element_type=\"widget\" data-e-type=\"widget\" data-widget_type=\"text-editor.default\">\n\t\t\t\t<div class=\"elementor-widget-container\">\n\t\t\t\t\t\t\t\t\t<h2><strong>Avancer ensemble<\/strong><\/h2>\t\t\t\t\t\t\t\t<\/div>\n\t\t\t\t<\/div>\n\t\t\t\t<div class=\"elementor-element elementor-element-f262bb8 elementor-widget__width-initial elementor-widget elementor-widget-text-editor\" data-id=\"f262bb8\" data-element_type=\"widget\" data-e-type=\"widget\" data-widget_type=\"text-editor.default\">\n\t\t\t\t<div class=\"elementor-widget-container\">\n\t\t\t\t\t\t\t\t\t<p><span style=\"white-space-collapse: preserve;\">Aujourd'hui, MFE est une force unifi\u00e9e dans l'industrie de l'inspection, d\u00e9di\u00e9e \u00e0 l'innovation, \u00e0 l'excellence et au service de nos clients. Notre exp\u00e9rience et notre expertise combin\u00e9es nous permettent d'offrir une gamme compl\u00e8te de produits et de services con\u00e7us pour r\u00e9pondre \u00e0 vos besoins.<\/span><\/p><p><span style=\"white-space-collapse: preserve;\">Nous nous engageons pour votre r\u00e9ussite et sommes fiers de proposer des solutions qui am\u00e9liorent vos projets avec pr\u00e9cision et s\u00e9curit\u00e9. Si vous avez des questions ou si vous avez besoin d'aide, notre \u00e9quipe est pr\u00eate \u00e0 vous aider.<\/span><\/p><p><span style=\"white-space-collapse: preserve;\">Nous vous remercions d'avoir choisi MFE. Nous sommes ravis de poursuivre cette aventure avec vous, en vous fournissant le service fiable et professionnel que vous attendez et m\u00e9ritez.<\/span><\/p>\t\t\t\t\t\t\t\t<\/div>\n\t\t\t\t<\/div>\n\t\t\t\t\t<\/div>\n\t\t\t\t<\/div>\n\t\t<div class=\"elementor-element elementor-element-1fbb6fab e-flex e-con-boxed e-con e-parent\" data-id=\"1fbb6fab\" data-element_type=\"container\" data-e-type=\"container\">\n\t\t\t\t\t<div class=\"e-con-inner\">\n\t\t\t\t<div class=\"elementor-element elementor-element-63481750 elementor-widget elementor-widget-gallery\" data-id=\"63481750\" data-element_type=\"widget\" data-e-type=\"widget\" data-settings=\"{&quot;columns&quot;:2,&quot;gap&quot;:{&quot;unit&quot;:&quot;px&quot;,&quot;size&quot;:24,&quot;sizes&quot;:[]},&quot;gap_tablet&quot;:{&quot;unit&quot;:&quot;px&quot;,&quot;size&quot;:20,&quot;sizes&quot;:[]},&quot;gap_mobile&quot;:{&quot;unit&quot;:&quot;px&quot;,&quot;size&quot;:12,&quot;sizes&quot;:[]},&quot;lazyload&quot;:&quot;yes&quot;,&quot;gallery_layout&quot;:&quot;grid&quot;,&quot;columns_tablet&quot;:2,&quot;columns_mobile&quot;:1,&quot;aspect_ratio&quot;:&quot;3:2&quot;,&quot;content_hover_animation&quot;:&quot;fade-in&quot;}\" data-widget_type=\"gallery.default\">\n\t\t\t\t<div class=\"elementor-widget-container\">\n\t\t\t\t\t\t\t<div class=\"elementor-gallery__container\">\n\t\t\t\t\t\t\t<div class=\"e-gallery-item elementor-gallery-item elementor-animated-content\">\n\t\t\t\t\t<div class=\"e-gallery-image elementor-gallery-item__image\" data-thumbnail=\"https:\/\/mfe-is.com\/wp-content\/uploads\/2024\/07\/Screenshot-2024-07-15-at-8.44.43\u202fPM-768x507.png\" data-width=\"768\" data-height=\"507\" aria-label=\"\" role=\"img\" ><\/div>\n\t\t\t\t\t\t\t\t\t\t\t\t\t\t<\/div>\n\t\t\t\t\t\t\t<div class=\"e-gallery-item elementor-gallery-item elementor-animated-content\">\n\t\t\t\t\t<div class=\"e-gallery-image elementor-gallery-item__image\" data-thumbnail=\"https:\/\/mfe-is.com\/wp-content\/uploads\/2024\/07\/Screenshot-2024-07-15-at-8.35.07\u202fPM-768x507.png\" data-width=\"768\" data-height=\"507\" aria-label=\"\" role=\"img\" ><\/div>\n\t\t\t\t\t\t\t\t\t\t\t\t\t\t<\/div>\n\t\t\t\t\t\t\t<div class=\"e-gallery-item elementor-gallery-item elementor-animated-content\">\n\t\t\t\t\t<div class=\"e-gallery-image elementor-gallery-item__image\" data-thumbnail=\"https:\/\/mfe-is.com\/wp-content\/uploads\/2024\/07\/Screenshot-2024-07-15-at-8.35.32\u202fPM-768x507.png\" data-width=\"768\" data-height=\"507\" aria-label=\"\" role=\"img\" ><\/div>\n\t\t\t\t\t\t\t\t\t\t\t\t\t\t<\/div>\n\t\t\t\t\t\t\t<div class=\"e-gallery-item elementor-gallery-item elementor-animated-content\">\n\t\t\t\t\t<div class=\"e-gallery-image elementor-gallery-item__image\" data-thumbnail=\"https:\/\/mfe-is.com\/wp-content\/uploads\/2024\/07\/Screenshot-2024-07-15-at-8.45.42\u202fPM-768x507.png\" data-width=\"768\" data-height=\"507\" aria-label=\"\" role=\"img\" ><\/div>\n\t\t\t\t\t\t\t\t\t\t\t\t\t\t<\/div>\n\t\t\t\t\t<\/div>\n\t\t\t\t\t<\/div>\n\t\t\t\t<\/div>\n\t\t\t\t\t<\/div>\n\t\t\t\t<\/div>\n\t\t\t\t<\/div>","protected":false},"excerpt":{"rendered":"<p>About MFE Welcome to MFE Inspection Solutions, your premier partner in the inspection industry. Welcome to MFE. Our story isn&#8217;t just a list of products and services, it&#8217;s about a team driven to innovate in non-destructive testing, remote visual inspection, environmental monitoring, and the use of unmanned robotic systems. We&#8217;re the combination of MFE Enterprises, [&hellip;]<\/p>\n","protected":false},"author":8,"featured_media":257474,"parent":0,"menu_order":0,"comment_status":"closed","ping_status":"closed","template":"","meta":{"_acf_changed":false,"content-type":"","footnotes":""},"class_list":["post-253112","page","type-page","status-publish","has-post-thumbnail","hentry"],"acf":[],"yoast_head":"<!-- This site is optimized with the Yoast SEO plugin v27.5 - https:\/\/yoast.com\/product\/yoast-seo-wordpress\/ -->\n<title>About | MFE Inspection Solutions<\/title>\n<meta name=\"description\" content=\"MFE has grown over 30 years to become a leader in inspection solutions, offering expert service, innovative tools &amp; industry experience.\" \/>\n<meta name=\"robots\" content=\"index, follow, max-snippet:-1, max-image-preview:large, max-video-preview:-1\" \/>\n<link rel=\"canonical\" href=\"https:\/\/mfe-is.com\/fr\/a-propos-de\/\" \/>\n<meta property=\"og:locale\" content=\"fr_CA\" \/>\n<meta property=\"og:type\" content=\"article\" \/>\n<meta property=\"og:title\" content=\"About | MFE Inspection Solutions\" \/>\n<meta property=\"og:description\" content=\"MFE has grown over 30 years to become a leader in inspection solutions, offering expert service, innovative tools &amp; industry experience.\" \/>\n<meta property=\"og:url\" content=\"https:\/\/mfe-is.com\/fr\/a-propos-de\/\" \/>\n<meta property=\"og:site_name\" content=\"MFE Inspection Solutions\" \/>\n<meta property=\"article:modified_time\" content=\"2025-12-02T22:53:16+00:00\" \/>\n<meta property=\"og:image\" content=\"https:\/\/mfe-is.com\/wp-content\/uploads\/2024\/09\/resources.png\" \/>\n\t<meta property=\"og:image:width\" content=\"896\" \/>\n\t<meta property=\"og:image:height\" content=\"604\" \/>\n\t<meta property=\"og:image:type\" content=\"image\/png\" \/>\n<meta name=\"twitter:card\" content=\"summary_large_image\" \/>\n<meta name=\"twitter:label1\" content=\"Est. reading time\" \/>\n\t<meta name=\"twitter:data1\" content=\"2 minutes\" \/>\n<script type=\"application\/ld+json\" class=\"yoast-schema-graph\">{\"@context\":\"https:\\\/\\\/schema.org\",\"@graph\":[{\"@type\":\"WebPage\",\"@id\":\"https:\\\/\\\/mfe-is.com\\\/about\\\/\",\"url\":\"https:\\\/\\\/mfe-is.com\\\/about\\\/\",\"name\":\"About | MFE Inspection Solutions\",\"isPartOf\":{\"@id\":\"https:\\\/\\\/mfe-is.com\\\/#website\"},\"primaryImageOfPage\":{\"@id\":\"https:\\\/\\\/mfe-is.com\\\/about\\\/#primaryimage\"},\"image\":{\"@id\":\"https:\\\/\\\/mfe-is.com\\\/about\\\/#primaryimage\"},\"thumbnailUrl\":\"https:\\\/\\\/mfe-is.com\\\/wp-content\\\/uploads\\\/2024\\\/09\\\/resources.png\",\"datePublished\":\"2024-07-16T00:38:02+00:00\",\"dateModified\":\"2025-12-02T22:53:16+00:00\",\"description\":\"MFE has grown over 30 years to become a leader in inspection solutions, offering expert service, innovative tools & industry experience.\",\"inLanguage\":\"fr-CA\",\"potentialAction\":[{\"@type\":\"ReadAction\",\"target\":[\"https:\\\/\\\/mfe-is.com\\\/about\\\/\"]}]},{\"@type\":\"ImageObject\",\"inLanguage\":\"fr-CA\",\"@id\":\"https:\\\/\\\/mfe-is.com\\\/about\\\/#primaryimage\",\"url\":\"https:\\\/\\\/mfe-is.com\\\/wp-content\\\/uploads\\\/2024\\\/09\\\/resources.png\",\"contentUrl\":\"https:\\\/\\\/mfe-is.com\\\/wp-content\\\/uploads\\\/2024\\\/09\\\/resources.png\",\"width\":896,\"height\":604},{\"@type\":\"WebSite\",\"@id\":\"https:\\\/\\\/mfe-is.com\\\/#website\",\"url\":\"https:\\\/\\\/mfe-is.com\\\/\",\"name\":\"MFE Inspection Solutions\",\"description\":\"NDT Equipment, Drones, Training &amp; Calibration\",\"publisher\":{\"@id\":\"https:\\\/\\\/mfe-is.com\\\/#organization\"},\"alternateName\":\"MFE IS\",\"potentialAction\":[{\"@type\":\"SearchAction\",\"target\":{\"@type\":\"EntryPoint\",\"urlTemplate\":\"https:\\\/\\\/mfe-is.com\\\/?s={search_term_string}\"},\"query-input\":{\"@type\":\"PropertyValueSpecification\",\"valueRequired\":true,\"valueName\":\"search_term_string\"}}],\"inLanguage\":\"fr-CA\"},{\"@type\":\"Organization\",\"@id\":\"https:\\\/\\\/mfe-is.com\\\/#organization\",\"name\":\"MFE Inspection Solutions\",\"url\":\"https:\\\/\\\/mfe-is.com\\\/\",\"logo\":{\"@type\":\"ImageObject\",\"inLanguage\":\"fr-CA\",\"@id\":\"https:\\\/\\\/mfe-is.com\\\/#\\\/schema\\\/logo\\\/image\\\/\",\"url\":\"https:\\\/\\\/mfe-is.com\\\/wp-content\\\/uploads\\\/2023\\\/12\\\/MFE-IS-Logo.jpg\",\"contentUrl\":\"https:\\\/\\\/mfe-is.com\\\/wp-content\\\/uploads\\\/2023\\\/12\\\/MFE-IS-Logo.jpg\",\"width\":686,\"height\":116,\"caption\":\"MFE Inspection Solutions\"},\"image\":{\"@id\":\"https:\\\/\\\/mfe-is.com\\\/#\\\/schema\\\/logo\\\/image\\\/\"}}]}<\/script>\n<!-- \/ Yoast SEO plugin. -->","yoast_head_json":{"title":"A propos de MFE Inspection Solutions","description":"MFE s'est d\u00e9velopp\u00e9e en 30 ans pour devenir un leader dans les solutions d'inspection, offrant un service expert, des outils innovants et une exp\u00e9rience de l'industrie.","robots":{"index":"index","follow":"follow","max-snippet":"max-snippet:-1","max-image-preview":"max-image-preview:large","max-video-preview":"max-video-preview:-1"},"canonical":"https:\/\/mfe-is.com\/fr\/a-propos-de\/","og_locale":"fr_CA","og_type":"article","og_title":"About | MFE Inspection Solutions","og_description":"MFE has grown over 30 years to become a leader in inspection solutions, offering expert service, innovative tools & industry experience.","og_url":"https:\/\/mfe-is.com\/fr\/a-propos-de\/","og_site_name":"MFE Inspection Solutions","article_modified_time":"2025-12-02T22:53:16+00:00","og_image":[{"width":896,"height":604,"url":"https:\/\/mfe-is.com\/wp-content\/uploads\/2024\/09\/resources.png","type":"image\/png"}],"twitter_card":"summary_large_image","twitter_misc":{"Est. reading time":"2 minutes"},"schema":{"@context":"https:\/\/schema.org","@graph":[{"@type":"WebPage","@id":"https:\/\/mfe-is.com\/about\/","url":"https:\/\/mfe-is.com\/about\/","name":"A propos de MFE Inspection Solutions","isPartOf":{"@id":"https:\/\/mfe-is.com\/#website"},"primaryImageOfPage":{"@id":"https:\/\/mfe-is.com\/about\/#primaryimage"},"image":{"@id":"https:\/\/mfe-is.com\/about\/#primaryimage"},"thumbnailUrl":"https:\/\/mfe-is.com\/wp-content\/uploads\/2024\/09\/resources.png","datePublished":"2024-07-16T00:38:02+00:00","dateModified":"2025-12-02T22:53:16+00:00","description":"MFE s'est d\u00e9velopp\u00e9e en 30 ans pour devenir un leader dans les solutions d'inspection, offrant un service expert, des outils innovants et une exp\u00e9rience de l'industrie.","inLanguage":"fr-CA","potentialAction":[{"@type":"ReadAction","target":["https:\/\/mfe-is.com\/about\/"]}]},{"@type":"ImageObject","inLanguage":"fr-CA","@id":"https:\/\/mfe-is.com\/about\/#primaryimage","url":"https:\/\/mfe-is.com\/wp-content\/uploads\/2024\/09\/resources.png","contentUrl":"https:\/\/mfe-is.com\/wp-content\/uploads\/2024\/09\/resources.png","width":896,"height":604},{"@type":"WebSite","@id":"https:\/\/mfe-is.com\/#website","url":"https:\/\/mfe-is.com\/","name":"Solutions d'inspection MFE","description":"\u00c9quipement CND, drones, formation et \u00e9talonnage","publisher":{"@id":"https:\/\/mfe-is.com\/#organization"},"alternateName":"MFE IS","potentialAction":[{"@type":"SearchAction","target":{"@type":"EntryPoint","urlTemplate":"https:\/\/mfe-is.com\/?s={search_term_string}"},"query-input":{"@type":"PropertyValueSpecification","valueRequired":true,"valueName":"search_term_string"}}],"inLanguage":"fr-CA"},{"@type":"Organization","@id":"https:\/\/mfe-is.com\/#organization","name":"Solutions d'inspection MFE","url":"https:\/\/mfe-is.com\/","logo":{"@type":"ImageObject","inLanguage":"fr-CA","@id":"https:\/\/mfe-is.com\/#\/schema\/logo\/image\/","url":"https:\/\/mfe-is.com\/wp-content\/uploads\/2023\/12\/MFE-IS-Logo.jpg","contentUrl":"https:\/\/mfe-is.com\/wp-content\/uploads\/2023\/12\/MFE-IS-Logo.jpg","width":686,"height":116,"caption":"MFE Inspection Solutions"},"image":{"@id":"https:\/\/mfe-is.com\/#\/schema\/logo\/image\/"}}]}},"_links":{"self":[{"href":"https:\/\/mfe-is.com\/fr\/wp-json\/wp\/v2\/pages\/253112","targetHints":{"allow":["GET"]}}],"collection":[{"href":"https:\/\/mfe-is.com\/fr\/wp-json\/wp\/v2\/pages"}],"about":[{"href":"https:\/\/mfe-is.com\/fr\/wp-json\/wp\/v2\/types\/page"}],"author":[{"embeddable":true,"href":"https:\/\/mfe-is.com\/fr\/wp-json\/wp\/v2\/users\/8"}],"replies":[{"embeddable":true,"href":"https:\/\/mfe-is.com\/fr\/wp-json\/wp\/v2\/comments?post=253112"}],"version-history":[{"count":0,"href":"https:\/\/mfe-is.com\/fr\/wp-json\/wp\/v2\/pages\/253112\/revisions"}],"wp:featuredmedia":[{"embeddable":true,"href":"https:\/\/mfe-is.com\/fr\/wp-json\/wp\/v2\/media\/257474"}],"wp:attachment":[{"href":"https:\/\/mfe-is.com\/fr\/wp-json\/wp\/v2\/media?parent=253112"}],"curies":[{"name":"wp","href":"https:\/\/api.w.org\/{rel}","templated":true}]}}